{"id":668,"date":"2025-06-04T15:26:23","date_gmt":"2025-06-04T13:26:23","guid":{"rendered":"https:\/\/projectbluesea.de\/probird.de\/?page_id=668"},"modified":"2025-12-11T11:03:14","modified_gmt":"2025-12-11T10:03:14","slug":"eurowild","status":"publish","type":"page","link":"https:\/\/projectbluesea.de\/probird.de\/internationale-projekte\/eurowild\/","title":{"rendered":"EUROWILD"},"content":{"rendered":"\n<p>Zur Unterst\u00fctzung des EUROWA-Netzwerks hat das EU-Programm Erasmus+ das Projekt EUROWILD (<em>European Oiled Wildlife Response Life-long Learning Development<\/em>) von Dezember 2024 bis November 2026 kofinanziert. Hauptziel des Projekts ist es, das lebenslange Lernen des EUROWA-Netzwerks zu verbessern, den Expert*innenpool zu erweitern und neue Schulungen f\u00fcr die Bek\u00e4mpfung von \u00d6lverschmutzungen in Europa zu entwickeln. Sea Alarm koordiniert das Projekt gemeinsam mit den Partnern ProBird in Deutschland, Submon in Spanien, VOC Oostende in Belgien und WWF Finnland. Das Projekt wurde mit 250.000 \u20ac gef\u00f6rdert.&nbsp;<\/p>\n\n\n\n<p>Kooperationspartnerschaften sind eine einzigartige F\u00f6rderlinie des Erasmus+-Programms und erm\u00f6glichen es Organisationen, die Qualit\u00e4t ihrer Aktivit\u00e4ten zu verbessern, ihre Netzwerke auszubauen und neue \u201cBest Practices\u201d auszutauschen und zu entwickeln. Vor diesem Hintergrund entwickelten die EUROWILD-Partner f\u00fcnf Arbeitspakete (APs), die jeweils von einem der Projektpartner geleitet werden.&nbsp;<\/p>\n\n\n\n<p>Hier ist ein \u00dcberblick \u00fcber einige der wichtigsten Ergebnisse der APs:&nbsp;<\/p>\n\n\n\n<ul class=\"wp-block-list\">\n<li>Entwicklung und Organisation neuer EUROWA Field SPECIALIST- und Post-Wash SPECIALIST-Kurse.&nbsp;<\/li>\n<\/ul>\n\n\n\n<ul class=\"wp-block-list\">\n<li>Entwicklung eines \u201cTrain-the-Trainer&#8220;-Pakets und eines Online-EUROWA BASIC-Kurses.&nbsp;<\/li>\n<\/ul>\n\n\n\n<ul class=\"wp-block-list\">\n<li>Ein zweit\u00e4giger Workshop f\u00fcr europ\u00e4ische Beh\u00f6rden mit Schwerpunkt auf besserer Vorbereitung auf \u00d6lverschmutzungen von Wildtieren und der Einbindung von Freiwilligen in die Einsatzma\u00dfnahmen.&nbsp;<\/li>\n<\/ul>\n\n\n\n<ul class=\"wp-block-list\">\n<li>Ein neuer Schulungskurs f\u00fcr das Assessment-Team f\u00fcr hochqualifizierte EUROWA-Experten.&nbsp;<\/li>\n<\/ul>\n\n\n\n<ul class=\"wp-block-list\">\n<li>Organisation eines vollst\u00e4ndigen pers\u00f6nlichen Treffens des EUROWA-Netzwerks.&nbsp;<\/li>\n<\/ul>\n\n\n\n<p>Dieses brandneue Projekt folgt den Prinzipien und Standards des EUROWA-Netzwerks und legt einen klaren Schwerpunkt auf die Aspekte des lebenslangen Lernens im Bereich der Vorbereitung auf \u00d6lverschmutzungen von Wildtieren. Das EUROWA-Netzwerk ist \u00fcberzeugt, dass Expert*innen, die aufh\u00f6ren zu lernen, aufh\u00f6ren, Expert*innen zu sein. Dank der neuen Erasmus+-Kofinanzierung k\u00f6nnen wir diese Philosophie weiterf\u00fchren.&nbsp;<\/p>\n\n\n\n<p>Besuchen Sie unsere neue <a href=\"https:\/\/eurowa.eu\/eurowild\/\" data-type=\"link\" data-id=\"https:\/\/eurowa.eu\/eurowild\/\">EUROWILD-Webseite<\/a> f\u00fcr weitere Einzelheiten zum Projekt oder wenden Sie sich an secretariat[@]eurowa[.]eu.&nbsp;<\/p>\n\n\n\n<figure class=\"wp-block-image size-large is-resized\"><img loading=\"lazy\" decoding=\"async\" width=\"1024\" height=\"517\" src=\"https:\/\/projectbluesea.de\/probird.de\/wp-content\/uploads\/2025\/12\/EUROwild_logo_final-1024x517.png\" alt=\"\" class=\"wp-image-700\" style=\"aspect-ratio:1.9806747255070691;width:371px;height:auto\" srcset=\"https:\/\/projectbluesea.de\/probird.de\/wp-content\/uploads\/2025\/12\/EUROwild_logo_final-1024x517.png 1024w, https:\/\/projectbluesea.de\/probird.de\/wp-content\/uploads\/2025\/12\/EUROwild_logo_final-300x151.png 300w, https:\/\/projectbluesea.de\/probird.de\/wp-content\/uploads\/2025\/12\/EUROwild_logo_final-768x387.png 768w, https:\/\/projectbluesea.de\/probird.de\/wp-content\/uploads\/2025\/12\/EUROwild_logo_final.png 1241w\" sizes=\"auto, (max-width: 1024px) 100vw, 1024px\" \/><\/figure>\n\n\n\n<figure class=\"wp-block-image size-large is-resized\"><img loading=\"lazy\" decoding=\"async\" width=\"1024\" height=\"228\" src=\"https:\/\/projectbluesea.de\/probird.de\/wp-content\/uploads\/2025\/12\/EN_Co-fundedbytheEU_RGB_POS-1024x228.png\" alt=\"\" class=\"wp-image-701\" style=\"aspect-ratio:4.491422582891236;width:381px;height:auto\" srcset=\"https:\/\/projectbluesea.de\/probird.de\/wp-content\/uploads\/2025\/12\/EN_Co-fundedbytheEU_RGB_POS-1024x228.png 1024w, https:\/\/projectbluesea.de\/probird.de\/wp-content\/uploads\/2025\/12\/EN_Co-fundedbytheEU_RGB_POS-300x67.png 300w, https:\/\/projectbluesea.de\/probird.de\/wp-content\/uploads\/2025\/12\/EN_Co-fundedbytheEU_RGB_POS-768x171.png 768w, https:\/\/projectbluesea.de\/probird.de\/wp-content\/uploads\/2025\/12\/EN_Co-fundedbytheEU_RGB_POS-1536x343.png 1536w, https:\/\/projectbluesea.de\/probird.de\/wp-content\/uploads\/2025\/12\/EN_Co-fundedbytheEU_RGB_POS-2048x457.png 2048w\" sizes=\"auto, (max-width: 1024px) 100vw, 1024px\" \/><\/figure>\n\n\n\n<p><\/p>\n","protected":false},"excerpt":{"rendered":"<p>Zur Unterst\u00fctzung des EUROWA-Netzwerks hat das EU-Programm Erasmus+ das Projekt EUROWILD (European Oiled Wildlife Response Life-long Learning Development) von Dezember 2024 bis November 2026 kofinanziert. Hauptziel des Projekts ist es, das lebenslange Lernen des&#46;&#46;&#46;<\/p>\n","protected":false},"author":2,"featured_media":0,"parent":433,"menu_order":0,"comment_status":"closed","ping_status":"closed","template":"","meta":{"footnotes":""},"class_list":["post-668","page","type-page","status-publish","hentry"],"_links":{"self":[{"href":"https:\/\/projectbluesea.de\/probird.de\/wp-json\/wp\/v2\/pages\/668","targetHints":{"allow":["GET"]}}],"collection":[{"href":"https:\/\/projectbluesea.de\/probird.de\/wp-json\/wp\/v2\/pages"}],"about":[{"href":"https:\/\/projectbluesea.de\/probird.de\/wp-json\/wp\/v2\/types\/page"}],"author":[{"embeddable":true,"href":"https:\/\/projectbluesea.de\/probird.de\/wp-json\/wp\/v2\/users\/2"}],"replies":[{"embeddable":true,"href":"https:\/\/projectbluesea.de\/probird.de\/wp-json\/wp\/v2\/comments?post=668"}],"version-history":[{"count":2,"href":"https:\/\/projectbluesea.de\/probird.de\/wp-json\/wp\/v2\/pages\/668\/revisions"}],"predecessor-version":[{"id":702,"href":"https:\/\/projectbluesea.de\/probird.de\/wp-json\/wp\/v2\/pages\/668\/revisions\/702"}],"up":[{"embeddable":true,"href":"https:\/\/projectbluesea.de\/probird.de\/wp-json\/wp\/v2\/pages\/433"}],"wp:attachment":[{"href":"https:\/\/projectbluesea.de\/probird.de\/wp-json\/wp\/v2\/media?parent=668"}],"curies":[{"name":"wp","href":"https:\/\/api.w.org\/{rel}","templated":true}]}}