{"id":450,"date":"2023-03-09T12:19:59","date_gmt":"2023-03-09T11:19:59","guid":{"rendered":"http:\/\/projectbluesea.de\/probird.de\/?page_id=450"},"modified":"2023-03-09T12:19:59","modified_gmt":"2023-03-09T11:19:59","slug":"impressumsatzung","status":"publish","type":"page","link":"https:\/\/projectbluesea.de\/probird.de\/impressumsatzung\/","title":{"rendered":"Impressum\/Satzung"},"content":{"rendered":"<p><strong>Impressum<\/strong><\/p>\n<p>Dachverband PRO Bird e.V.<br \/>\nLokstedter Grenzstra\u00dfe 7<br \/>\nD-22527 Hamburg<\/p>\n<p>Telefon: +49 41 21 450 19 39 (B\u00fcro Schleswig-Holstein)<\/p>\n<p>Telefon: +49 23 23 \/ 96 40 96 0 (B\u00fcro Nordrhein-Westfalen)<\/p>\n<p>E-Mail: probird@gmx.de<br \/>\nInternet: www.probird.de<\/p>\n<p>Vertretungsberechtigter Vorstand: Katharina Erdmann<br \/>\nRegistergericht: Amtsgericht Hamburg<br \/>\nRegisternummer: VR 574 NI<\/p>\n<p>Inhaltlich Verantwortlicher gem\u00e4\u00df \u00a7 55 Abs. 2 RStV: Sascha Regmann<\/p>\n<p><img loading=\"lazy\" decoding=\"async\" class=\"alignnone wp-image-166\" src=\"https:\/\/projectbluesea.de\/probird.de\/wp-content\/uploads\/2017\/06\/Netzwerk.jpg\" sizes=\"auto, (max-width: 379px) 100vw, 379px\" srcset=\"https:\/\/projectbluesea.de\/probird.de\/wp-content\/uploads\/2017\/06\/Netzwerk.jpg 765w, https:\/\/projectbluesea.de\/probird.de\/wp-content\/uploads\/2017\/06\/Netzwerk-300x200.jpg 300w\" alt=\"\" width=\"379\" height=\"252\" \/><\/p>\n<p>&nbsp;<\/p>\n<p>Haftungshinweis<br \/>\nTrotz sorgf\u00e4ltiger inhaltlicher Kontrolle \u00fcbernehmen wir keine Haftung f\u00fcr die Inhalte externer Links. F\u00fcr den Inhalt der verlinkten Seiten sind ausschlie\u00dflich deren Betreiber verantwortlich.<\/p>\n<p>Bildnachweise<br \/>\nEine Nutzungsbedingung bei Verwendung lizenzfreier Bilder, die beispielsweise von sog. Microstock-Agenturen angeboten werden, ist die Angabe des Urhebers (nach \u00a7 13 UrhG) und der Bildquelle (Webadresse) im Impressum.<\/p>\n<p>Urheber und Bildquelle der verwendeten Fotos sind Mitglieder des Dachverbandes PRO Bird e.V., deren Einverst\u00e4ndnis zur Nutzung uns vorliegt.<\/p>\n<p>Wir sind bestrebt s\u00e4mtliche Urheber- und Nutzungsrechte zu respektieren. Sollte hier ein Zweifel bestehen, dann bitten wir freundlich um Kontaktaufnahme.<\/p>\n<p>Datenschutzerkl\u00e4rung<br \/>\nVerantwortliche Stelle im Sinne der Datenschutzgesetze, insbesondere der EU-Datenschutzgrundverordnung (DSGVO), ist:<\/p>\n<p>Sascha Regmann<br \/>\nDachverband PRO Bird e.V.<\/p>\n<p>Ihre Betroffenenrechte<br \/>\nUnter den angegebenen Kontaktdaten unseres Datenschutzbeauftragten k\u00f6nnen Sie jederzeit folgende Rechte aus\u00fcben:<\/p>\n<p>Auskunft \u00fcber Ihre bei uns gespeicherten Daten und deren Verarbeitung,<br \/>\nBerichtigung unrichtiger personenbezogener Daten,<br \/>\nL\u00f6schung Ihrer bei uns gespeicherten Daten,<br \/>\nEinschr\u00e4nkung der Datenverarbeitung, sofern wir Ihre Daten aufgrund gesetzlicher Pflichten noch nicht l\u00f6schen d\u00fcrfen,<br \/>\nWiderspruch gegen die Verarbeitung Ihrer Daten bei uns und<br \/>\nDaten\u00fcbertragbarkeit, sofern Sie in die Datenverarbeitung eingewilligt haben oder einen Vertrag mit uns abgeschlossen haben.<br \/>\nSofern Sie uns eine Einwilligung erteilt haben, k\u00f6nnen Sie diese jederzeit mit Wirkung f\u00fcr die Zukunft widerrufen.<\/p>\n<p>Sie k\u00f6nnen sich jederzeit mit einer Beschwerde an die f\u00fcr Sie zust\u00e4ndige Aufsichtsbeh\u00f6rde wenden. Ihre zust\u00e4ndige Aufsichtsbeh\u00f6rde richtet sich nach dem Bundesland Ihres Wohnsitzes, Ihrer Arbeit oder der mutma\u00dflichen Verletzung. Eine Liste der Aufsichtsbeh\u00f6rden (f\u00fcr den nicht\u00f6ffentlichen Bereich) mit Anschrift finden Sie unter: https:\/\/www.bfdi.bund.de\/DE\/Infothek\/Anschriften_Links\/anschriften_links-node.html.<\/p>\n<p>Zwecke der Datenverarbeitung durch die verantwortliche Stelle und Dritte<br \/>\nWir verarbeiten Ihre personenbezogenen Daten nur zu den in dieser Datenschutzerkl\u00e4rung genannten Zwecken. Eine \u00dcbermittlung Ihrer pers\u00f6nlichen Daten an Dritte zu anderen als den genannten Zwecken findet nicht statt. Wir geben Ihre pers\u00f6nlichen Daten nur an Dritte weiter, wenn:<\/p>\n<p>Sie Ihre ausdr\u00fcckliche Einwilligung dazu erteilt haben,<br \/>\ndie Verarbeitung zur Abwicklung eines Vertrags mit Ihnen erforderlich ist,<br \/>\ndie Verarbeitung zur Erf\u00fcllung einer rechtlichen Verpflichtung erforderlich ist,<br \/>\ndie Verarbeitung zur Wahrung berechtigter Interessen erforderlich ist und kein Grund zur Annahme besteht, dass Sie ein \u00fcberwiegendes schutzw\u00fcrdiges Interesse an der Nichtweitergabe Ihrer Daten haben.<\/p>\n<p>L\u00f6schung bzw. Sperrung der Daten<br \/>\nWir halten uns an die Grunds\u00e4tze der Datenvermeidung und Datensparsamkeit. Wir speichern Ihre personenbezogenen Daten daher nur so lange, wie dies zur Erreichung der hier genannten Zwecke erforderlich ist oder wie es die vom Gesetzgeber vorgesehenen vielf\u00e4ltigen Speicherfristen vorsehen. Nach Fortfall des jeweiligen Zweckes bzw. Ablauf dieser Fristen werden die entsprechenden Daten routinem\u00e4\u00dfig und entsprechend den gesetzlichen Vorschriften gesperrt oder gel\u00f6scht.<\/p>\n<p>Erfassung allgemeiner Informationen beim Besuch unserer Website<br \/>\nWenn Sie auf unsere Website zugreifen, werden automatisch mittels eines Cookies Informationen allgemeiner Natur erfasst. Diese Informationen (Server-Logfiles) beinhalten etwa die Art des Webbrowsers, das verwendete Betriebssystem, den Domainnamen Ihres Internet-Service-Providers und \u00e4hnliches. Hierbei handelt es sich ausschlie\u00dflich um Informationen, welche keine R\u00fcckschl\u00fcsse auf Ihre Person zulassen.<\/p>\n<p>Diese Informationen sind technisch notwendig, um von Ihnen angeforderte Inhalte von Webseiten korrekt auszuliefern und fallen bei Nutzung des Internets zwingend an. Sie werden insbesondere zu folgenden Zwecken verarbeitet:<\/p>\n<p>Sicherstellung eines problemlosen Verbindungsaufbaus der Website,<br \/>\nSicherstellung einer reibungslosen Nutzung unserer Website,<br \/>\nAuswertung der Systemsicherheit und -stabilit\u00e4t sowie<br \/>\nzu weiteren administrativen Zwecken.<br \/>\nDie Verarbeitung Ihrer personenbezogenen Daten basiert auf unserem berechtigten Interesse aus den vorgenannten Zwecken zur Datenerhebung. Wir verwenden Ihre Daten nicht, um R\u00fcckschl\u00fcsse auf Ihre Person zu ziehen. Empf\u00e4nger der Daten sind nur die verantwortliche Stelle und ggf. Auftragsverarbeiter.<\/p>\n<p>Anonyme Informationen dieser Art werden von uns ggfs. statistisch ausgewertet, um unseren Internetauftritt und die dahinterstehende Technik zu optimieren.<\/p>\n<p>Cookies<br \/>\nWie viele andere Webseiten verwenden wir auch so genannte \u201eCookies\u201c. Cookies sind kleine Textdateien, die von einem Websiteserver auf Ihre Festplatte \u00fcbertragen werden. Hierdurch erhalten wir automatisch bestimmte Daten wie z. B. IP-Adresse, verwendeter Browser, Betriebssystem und Ihre Verbindung zum Internet.<\/p>\n<p>Cookies k\u00f6nnen nicht verwendet werden, um Programme zu starten oder Viren auf einen Computer zu \u00fcbertragen. Anhand der in Cookies enthaltenen Informationen k\u00f6nnen wir Ihnen die Navigation erleichtern und die korrekte Anzeige unserer Webseiten erm\u00f6glichen.<\/p>\n<p>In keinem Fall werden die von uns erfassten Daten an Dritte weitergegeben oder ohne Ihre Einwilligung eine Verkn\u00fcpfung mit personenbezogenen Daten hergestellt.<\/p>\n<p>Nat\u00fcrlich k\u00f6nnen Sie unsere Website grunds\u00e4tzlich auch ohne Cookies betrachten. Internet-Browser sind regelm\u00e4\u00dfig so eingestellt, dass sie Cookies akzeptieren. Im Allgemeinen k\u00f6nnen Sie die Verwendung von Cookies jederzeit \u00fcber die Einstellungen Ihres Browsers deaktivieren. Bitte verwenden Sie die Hilfefunktionen Ihres Internetbrowsers, um zu erfahren, wie Sie diese Einstellungen \u00e4ndern k\u00f6nnen. Bitte beachten Sie, dass einzelne Funktionen unserer Website m\u00f6glicherweise nicht funktionieren, wenn Sie die Verwendung von Cookies deaktiviert haben.<\/p>\n<p>Verwendung von Google Analytics<br \/>\nDiese Website benutzt Google Analytics, einen Webanalysedienst der Google Inc. (folgend: Google). Google Analytics verwendet sog. \u201eCookies\u201c, also Textdateien, die auf Ihrem Computer gespeichert werden und die eine Analyse der Benutzung der Webseite durch Sie erm\u00f6glichen. Die durch das Cookie erzeugten Informationen \u00fcber Ihre Benutzung dieser Webseite werden in der Regel an einen Server von Google in den USA \u00fcbertragen und dort gespeichert. Aufgrund der Aktivierung der IP-Anonymisierung auf diesen Webseiten, wird Ihre IP-Adresse von Google jedoch innerhalb von Mitgliedstaaten der Europ\u00e4ischen Union oder in anderen Vertragsstaaten des Abkommens \u00fcber den Europ\u00e4ischen Wirtschaftsraum zuvor gek\u00fcrzt. Nur in Ausnahmef\u00e4llen wird die volle IP-Adresse an einen Server von Google in den USA \u00fcbertragen und dort gek\u00fcrzt. Im Auftrag des Betreibers dieser Website wird Google diese Informationen benutzen, um Ihre Nutzung der Webseite auszuwerten, um Reports \u00fcber die Webseitenaktivit\u00e4ten zusammenzustellen und um weitere mit der Websitenutzung und der Internetnutzung verbundene Dienstleistungen gegen\u00fcber dem Webseitenbetreiber zu erbringen. Die im Rahmen von Google Analytics von Ihrem Browser \u00fcbermittelte IP-Adresse wird nicht mit anderen Daten von Google zusammengef\u00fchrt.<\/p>\n<p>Die Zwecke der Datenverarbeitung liegen in der Auswertung der Nutzung der Website und in der Zusammenstellung von Reports \u00fcber Aktivit\u00e4ten auf der Website. Auf Grundlage der Nutzung der Website und des Internets sollen dann weitere verbundene Dienstleistungen erbracht werden. Die Verarbeitung beruht auf dem berechtigten Interesse des Webseitenbetreibers.<\/p>\n<p>Sie k\u00f6nnen die Speicherung der Cookies durch eine entsprechende Einstellung Ihrer Browser-Software verhindern; wir weisen Sie jedoch darauf hin, dass Sie in diesem Fall gegebenenfalls nicht s\u00e4mtliche Funktionen dieser Website vollumf\u00e4nglich werden nutzen k\u00f6nnen. Sie k\u00f6nnen dar\u00fcber hinaus die Erfassung der durch das Cookie erzeugten und auf Ihre Nutzung der Webseite bezogenen Daten (inkl. Ihrer IP-Adresse) an Google sowie die Verarbeitung dieser Daten durch Google verhindern, indem sie das unter dem folgenden Link verf\u00fcgbare Browser-Plugin herunterladen und installieren: Browser Add On zur Deaktivierung von Google Analytics.<\/p>\n<p>Zus\u00e4tzlich oder als Alternative zum Browser-Add-On k\u00f6nnen Sie das Tracking durch Google Analytics auf unseren Seiten unterbinden, indem Sie diesen Link anklicken. Dabei wird ein Opt-Out-Cookie auf Ihrem Ger\u00e4t installiert. Damit wird die Erfassung durch Google Analytics f\u00fcr diese Website und f\u00fcr diesen Browser zuk\u00fcnftig verhindert, so lange das Cookie in Ihrem Browser installiert bleibt.<\/p>\n<p>Eingebettete YouTube-Videos<br \/>\nAuf einigen unserer Webseiten betten wir Youtube-Videos ein. Betreiber der entsprechenden Plugins ist die YouTube, LLC, 901 Cherry Ave., San Bruno, CA 94066, USA. Wenn Sie eine Seite mit dem YouTube-Plugin besuchen, wird eine Verbindung zu Servern von Youtube hergestellt. Dabei wird Youtube mitgeteilt, welche Seiten Sie besuchen. Wenn Sie in Ihrem Youtube-Account eingeloggt sind, kann Youtube Ihr Surfverhalten Ihnen pers\u00f6nlich zuzuordnen. Dies verhindern Sie, indem Sie sich vorher aus Ihrem Youtube-Account ausloggen.<\/p>\n<p>Wird ein Youtube-Video gestartet, setzt der Anbieter Cookies ein, die Hinweise \u00fcber das Nutzerverhalten sammeln.<\/p>\n<p>Wer das Speichern von Cookies f\u00fcr das Google-Ad-Programm deaktiviert hat, wird auch beim Anschauen von Youtube-Videos mit keinen solchen Cookies rechnen m\u00fcssen. Youtube legt aber auch in anderen Cookies nicht-personenbezogene Nutzungsinformationen ab. M\u00f6chten Sie dies verhindern, so m\u00fcssen Sie das Speichern von Cookies im Browser blockieren.<\/p>\n<p>Weitere Informationen zum Datenschutz bei \u201eYoutube\u201c finden Sie in der Datenschutzerkl\u00e4rung des Anbieters unter: https:\/\/www.google.de\/intl\/de\/policies\/privacy\/<\/p>\n<p>\u00c4nderung unserer Datenschutzbestimmungen<br \/>\nWir behalten uns vor, diese Datenschutzerkl\u00e4rung anzupassen, damit sie stets den aktuellen rechtlichen Anforderungen entspricht oder um \u00c4nderungen unserer Leistungen in der Datenschutzerkl\u00e4rung umzusetzen, z.B. bei der Einf\u00fchrung neuer Services. F\u00fcr Ihren erneuten Besuch gilt dann die neue Datenschutzerkl\u00e4rung.<\/p>\n<p>Fragen an den Datenschutzbeauftragten<br \/>\nWenn Sie Fragen zum Datenschutz haben, schreiben Sie uns bitte eine E-Mail oder wenden Sie sich direkt an die f\u00fcr den Datenschutz verantwortliche Person in unserer Organisation: Sascha Regmann (office@projectbluesea.de)<\/p>\n<p>&nbsp;<\/p>\n<h5><u>Satzung<\/u><\/h5>\n<h5>\u00a7 1 Name und Sitz<\/h5>\n<h5>1. Der Verein f\u00fchrt den Namen \u201eDachverband PRO Bird e.V.\u201c.<\/h5>\n<h5>2. Der Verein hat seinen Sitz in Hamburg.<\/h5>\n<h5>3. Der Verein wird beim Amtsgericht am Sitz des Vereins in das Vereinsregister eingetragen.<\/h5>\n<h5>4. Das Gesch\u00e4ftsjahr ist das Kalenderjahr.<\/h5>\n<h5><\/h5>\n<h5>\u00a7 2 Zweck des Vereins<\/h5>\n<h5>1. Der Verein verfolgt durch seine Mitglieder ausschlie\u00dflich gemeinn\u00fctzige Zwecke im Sinne des Abschnitts \u201eSteuerbeg\u00fcnstigte Zwecke\u201c der Abgabenordnung.<\/h5>\n<h5>2. Zweck der K\u00f6rperschaft ist die F\u00f6rderung von Tierschutz sowie von Natur- und Umweltschutz.<\/h5>\n<h5>3. Der Satzungszweck wird verwirklicht insbesondere durch die Unterst\u00fctzung seiner Mitglieder bei der Verwirklichung ihrer Ziele, ver\u00f6lte Tiere, insbesondere Meeresv\u00f6gel und -s\u00e4uger auf professionelle Art zu versorgen, zu reinigen und zu rehabilitieren, indem:<\/h5>\n<h5>(1) Der Verein die nationale und internationale Zusammenarbeit unter Einrichtungen mit vergleichbarer Zielsetzung f\u00f6rdert<\/h5>\n<h5>(2) Der Verein \u00d6ffentlichkeitsarbeit durchf\u00fchrt, insbesondere Informationsveranstaltungen und Schulungen durchf\u00fchrt, Ver\u00f6ffentlichungen anregt oder selbst und mit anderen durchf\u00fchrt<\/h5>\n<h5>(3) Forschung anregt und begleitet<\/h5>\n<h5>(4) Hilfseins\u00e4tze in Notf\u00e4llen f\u00fcr ver\u00f6lte Tiere organisiert und koordiniert<\/h5>\n<h5>4. Der Verein darf sich im Rahmen der steuerlichen Bestimmungen auch an anderen steuerbeg\u00fcnstigten K\u00f6rperschaften beteiligen und kann Mittel f\u00fcr die Verwirklichung der steuerbeg\u00fcnstigten Zwecke einer anderen steuerbeg\u00fcnstigten K\u00f6rperschaft beschaffen oder teilweise zuwenden, jedoch nur zur F\u00f6rderung von Tierschutz sowie von Natur- und Umweltschutz.<\/h5>\n<h5><\/h5>\n<h5>\u00a7 3 Mitgliedschaft<\/h5>\n<h5>1. Der Verein besteht ausschlie\u00dflich aus steuerbeg\u00fcnstigten K\u00f6rperschaften (\u00a7 57 II AO). Mitglied des Vereins kann nur eine juristische Person werden, welche die Voraussetzungen des \u00a7 57 II AO erf\u00fcllt. \u00dcber den Aufnahmeantrag entscheidet der Vorstand.<\/h5>\n<h5>2. Der Verein kann F\u00f6rdermitglieder aufnehmen, die ebenfalls die Voraussetzung des \u00a7 57 II AO erf\u00fcllen m\u00fcssen. F\u00f6rdermitglieder haben die Rechte ordentlicher Mitglieder, ihnen steht jedoch kein Stimmrecht zu. \u00dcber die Aufnahme entscheidet der Vorstand.<\/h5>\n<h5><\/h5>\n<h5>\u00a7 4 Organe<\/h5>\n<h5>Die Organe des Vereins sind<\/h5>\n<h5>\u2022 die Mitgliederversammlung<\/h5>\n<h5>\u2022 der Vorstand und<\/h5>\n<h5>\u2022 der Beirat.<\/h5>\n<h5><\/h5>\n<h5>\u00a7 5 Mitgliederversammlung<\/h5>\n<h5>1. Die Mitgliederversammlung ist mindestens einmal j\u00e4hrlich vom Vorstand einzuberufen. Die Einberufung hat schriftlich, unter Angabe der Tagesordnung mindestens vierzehn Tage vor dem Versammlungstermin zu erfolgen. Die Einberufung kann auch per E-Mail erfolgen. Die Einberufung ist ordnungsgem\u00e4\u00df,<\/h5>\n<h5>sofern diese an die letzte dem Verein bekannte Anschrift versandt wurde.<\/h5>\n<h5>2. Die Mitgliederversammlung beschlie\u00dft \u00fcber das Grundsatzprogramm, Arbeitsrichtlinien und die Wahl des Vorstandes und alle weiteren Gegenst\u00e4nde, soweit diese nicht durch Gesetz oder durch die Satzung dem Vorstand zugewiesen sind..<\/h5>\n<h5>3. Antr\u00e4ge, die auf die Tagesordnung der Mitgliederversammlung gesetzt werden sollen, m\u00fcssen vor der Einberufung schriftlich oder per E-Mail beim Vorstand eingereicht werden.<\/h5>\n<h5>4. Die Mitgliederversammlung fasst ihre Beschl\u00fcsse mit einfacher Mehrheit der erschienenen Mitglieder, sofern die Satzung nichts anderes bestimmt. Bei Stimmengleichheit gilt der Antrag als abgelehnt.<\/h5>\n<h5>5. Ein Mitglied ist nicht stimmberechtigt, wenn die Beschlussfassung die Durchf\u00fchrung eines Rechtsgesch\u00e4ftes mit ihm oder die Einleitung oder Erledigung eines Rechtsgesch\u00e4ftes zwischen ihm und dem Verein betrifft.<\/h5>\n<h5>6. Bei Wahlen oder anderen Abstimmungen, die Personen betreffen, ist schriftliche Abstimmung erforderlich, wenn ein anwesendes Mitglied einen entsprechenden Antrag stellt.<\/h5>\n<h5>7. Die Beschl\u00fcsse der Mitgliederversammlung sind niederzuschreiben und vom Versammlungsleiter und dem Protokollf\u00fchrer zu unterzeichnen. Die Niederschrift ist bei der n\u00e4chsten Sitzung zu verlesen und zu verabschieden.<\/h5>\n<h5>8. Eine au\u00dferordentliche Mitgliederversammlung ist dann einzuberufen, wenn es aus der Sicht des Vereinsvorstandes das Vereinsinteresse erfordert oder 25 %, der Mitglieder deren Einberufung schriftlich unter Angabe des Zwecks und der Gr\u00fcnde vom Vorstand verlangen.<\/h5>\n<h5>9. In der Mitgliederversammlung k\u00f6nnen Arbeitsgemeinschaften (AG\u00b4s) gegr\u00fcndet werden. Die AG\u00b4s haben in regelm\u00e4\u00dfigen Abst\u00e4nden dem Vorstand einen Rechenschaftsbericht vorzulegen.<\/h5>\n<h5><\/h5>\n<h5>\u00a7 6 Vorstand<\/h5>\n<h5>1. Der Vorstand besteht aus dem\/der ersten und zweiten Vorsitzenden sowie mindestens einem\/r weiteren<\/h5>\n<h5>Beisitzer(in), maximal drei weiteren Beisitzer(inne)n. Die Vorstandsmitglieder m\u00fcssen Mitglied eines Mitgliedsvereines sein.<\/h5>\n<h5>2. Der Vorstand wird von der Mitgliederversammlung auf Dauer von 3 Jahren gew\u00e4hlt. Er bleibt im Amt bis eine Neuwahl erfolgt ist. Wiederwahl ist zul\u00e4ssig.<\/h5>\n<h5>3. Der Vorstand kann sich selbst erg\u00e4nzen. Eine Nachwahl erfolgt auf der n\u00e4chsten Mitgliederversammlung.<\/h5>\n<h5>4. Dem Vorstand obliegt die Gesch\u00e4ftsf\u00fchrung und die Verwaltung des Vereinsverm\u00f6gens. Die Gesch\u00e4ftsverteilung wird durch Vorstandsbeschluss geregelt, sofern die Mitgliederversammlung keine andere Entscheidung trifft.<\/h5>\n<h5>5. Der Verein wird von dem\/der ersten oder zweite Vorsitzenden allein oder von je zwei Beisitzer(inne)n gemeinsam vertreten.<\/h5>\n<h5>6. Die Mitgliederversammlung kann beschlie\u00dfen, dass einzelne oder alle Mitglieder des Vorstands im Rahmen eines bezahlten Dienstverh\u00e4ltnisses gegen eine angemessene Verg\u00fctung t\u00e4tig sind.<\/h5>\n<h5>7. Der\/die Vorsitzende oder im Vertretungsfalle sein Stellvertreter beruft eine Vorstandssitzung ein, soweit es die Vereinsarbeit erfordert oder wenn zwei Vorstandsmitglieder die Einberufung unter Angabe der Gr\u00fcnde schriftlich verlangen.<\/h5>\n<h5>8. Der Vorstand ist beschlu\u00dff\u00e4hig, wenn mindestens die H\u00e4lfte seiner Mitglieder anwesend ist. Die Vorschriften des \u00a7 5 Ziff. 4, 5, 6 und 7 dieser Satzung finden Anwendung.<\/h5>\n<h5><\/h5>\n<h5>\u00a7 7 Beirat<\/h5>\n<h5>Zur Beratung des Vorstands kann ein Beirat gebildet werden, der sowohl aus Vereinsmitgliedern wie Nichtmitgliedern bestehen kann und von der Mitgliederversammlung gew\u00e4hlt wird.<\/h5>\n<h5><\/h5>\n<h5>\u00a7 8 Beitr\u00e4ge \/ Gesch\u00e4ftsjahr<\/h5>\n<h5>1. Die H\u00f6he des Mitgliederbeitrages wird j\u00e4hrlich von der Mitgliederversammlung festgelegt, hierbei kann zwischen ordentlichen und F\u00f6rdermitgliedern differenziert werden, die unterschiedliche wirtschaftliche Leistungsf\u00e4higkeit soll bei der Festlegung der H\u00f6he der Beitr\u00e4ge ber\u00fccksichtigt werden.<\/h5>\n<h5>2. N\u00e4heres wie H\u00f6he, F\u00e4lligkeitszeitpunkt und Verzugsfolgen regelt die Mitgliederversammlung. Die Mitgliederversammlung kann auch die Leistung einmaliger Beitr\u00e4ge, Umlagen<\/h5>\n<h5>oder Aufnahmegeb\u00fchren beschlie\u00dfen.<\/h5>\n<h5><\/h5>\n<h5>\u00a7 9 Finanzmittel<\/h5>\n<h5>1. Der Verein ist selbstlos t\u00e4tig. Er verfolgt nicht in erster Linie eigenwirtschaftliche Zwecke.<\/h5>\n<h5>2. Mittel des Vereins d\u00fcrfen nur f\u00fcr die satzungsgem\u00e4\u00dfen Zwecke verwendet werden. Vereinsmitglieder erhalten keine pers\u00f6nlichen Zuwendungen aus Mitteln des Vereins.<\/h5>\n<h5>3. Es darf keine Person durch Ausgaben, die dem Zweck des Vereins fremd sind oder durch unverh\u00e4ltnism\u00e4\u00dfig hohe Verg\u00fctungen beg\u00fcnstigt werden. Aufwendungen werden jedoch erstattet.<\/h5>\n<h5><\/h5>\n<h5>\u00a7 10 Austritt<\/h5>\n<h5>Die Beendigung der Mitgliedschaft ist jederzeit m\u00f6glich. Sie muss gegen\u00fcber dem Vorstand schriftlich erkl\u00e4rt werden.<\/h5>\n<h5><\/h5>\n<h5>\u00a7 11 Ausschluss<\/h5>\n<h5>1. Aus wichtigem Grund kann der Vorstand die Mitgliedschaft von Personen bis zur folgenden Mitgliederversammlung aufheben, wenn ein Mitglied l\u00e4nger als ein Jahr mit seinem Beitrag in R\u00fcckstand ist, oder wenn das auszuschlie\u00dfende Mitglied das Ansehen des Vereins gesch\u00e4digt, den<\/h5>\n<h5>Zweck oder die Ziele des Vereins beeintr\u00e4chtigt oder der Satzung des Vereins zuwider gehandelt hat.<\/h5>\n<h5>2. Gegen diesen Beschluss ist ein pers\u00f6nlicher oder schriftlicher Einspruch zur folgenden Mitgliederversammlung zul\u00e4ssig.<\/h5>\n<h5>3. Die Mitgliederversammlung entscheidet mit einer Zweidrittelmehrheit der erschienen Mitglieder \u00fcber den endg\u00fcltigen Ausschluss.<\/h5>\n<h5><\/h5>\n<h5>\u00a7 12 Satzungs\u00e4nderung<\/h5>\n<h5>1. Die \u00c4nderung der Satzung kann von der Mitgliederversammlung beschlossen werden. Die beantragte \u00c4nderung ist sinngem\u00e4\u00df in die Tagesordnung der Einladung zur Mitgliederversammlung aufzunehmen.<\/h5>\n<h5>2. F\u00fcr den \u00c4nderungsbeschluss ist eine Mehrheit von mindestens 2\/3 der erschienenen Mitglieder erforderlich. Zur \u00c4nderung des Vereinszweckes ist die Zustimmung aller Vereinsmitglieder erforderlich.<\/h5>\n<h5><\/h5>\n<h5>\u00a7 13 Aufl\u00f6sung<\/h5>\n<h5>Bei Aufl\u00f6sung des Vereins oder bei Wegfall steuerbeg\u00fcnstigter Zwecke f\u00e4llt das Verm\u00f6gen des Vereins zu gleichen Teilen an die K\u00f6rperschaften Project Blue Sea e.V., das Tierhuus Insel F\u00f6hr e.V. und die Wildtierstation Hamburg<\/h5>\n","protected":false},"excerpt":{"rendered":"<p>Impressum Dachverband PRO Bird e.V. Lokstedter Grenzstra\u00dfe 7 D-22527 Hamburg Telefon: +49 41 21 450 19 39 (B\u00fcro Schleswig-Holstein) Telefon: +49 23 23 \/ 96 40 96 0 (B\u00fcro Nordrhein-Westfalen) E-Mail: probird@gmx.de Internet: www.probird.de&#46;&#46;&#46;<\/p>\n","protected":false},"author":2,"featured_media":0,"parent":0,"menu_order":0,"comment_status":"closed","ping_status":"closed","template":"","meta":{"footnotes":""},"class_list":["post-450","page","type-page","status-publish","hentry"],"_links":{"self":[{"href":"https:\/\/projectbluesea.de\/probird.de\/wp-json\/wp\/v2\/pages\/450","targetHints":{"allow":["GET"]}}],"collection":[{"href":"https:\/\/projectbluesea.de\/probird.de\/wp-json\/wp\/v2\/pages"}],"about":[{"href":"https:\/\/projectbluesea.de\/probird.de\/wp-json\/wp\/v2\/types\/page"}],"author":[{"embeddable":true,"href":"https:\/\/projectbluesea.de\/probird.de\/wp-json\/wp\/v2\/users\/2"}],"replies":[{"embeddable":true,"href":"https:\/\/projectbluesea.de\/probird.de\/wp-json\/wp\/v2\/comments?post=450"}],"version-history":[{"count":1,"href":"https:\/\/projectbluesea.de\/probird.de\/wp-json\/wp\/v2\/pages\/450\/revisions"}],"predecessor-version":[{"id":451,"href":"https:\/\/projectbluesea.de\/probird.de\/wp-json\/wp\/v2\/pages\/450\/revisions\/451"}],"wp:attachment":[{"href":"https:\/\/projectbluesea.de\/probird.de\/wp-json\/wp\/v2\/media?parent=450"}],"curies":[{"name":"wp","href":"https:\/\/api.w.org\/{rel}","templated":true}]}}