{"id":447,"date":"2023-03-09T12:16:12","date_gmt":"2023-03-09T11:16:12","guid":{"rendered":"http:\/\/projectbluesea.de\/probird.de\/?page_id=447"},"modified":"2023-10-25T14:04:52","modified_gmt":"2023-10-25T12:04:52","slug":"info","status":"publish","type":"page","link":"https:\/\/projectbluesea.de\/probird.de\/","title":{"rendered":"Info"},"content":{"rendered":"<h1 class=\"post-title entry-title\" style=\"text-align: center;\">Willkommen auf der Webseite von PRO Bird !<\/h1>\n<p style=\"text-align: left;\">PRO Bird ist eine Koalition deutscher Tier- und Umweltschutzeinrichtungen mit dem Ziel, eine professionelle Rehabilitation ver\u00f6lter V\u00f6gel im In- und Ausland anzubieten und zu garantieren. Die Mitarbeiter von PRO Bird verf\u00fcgen \u00fcber eine mehr als 20-j\u00e4hrige Erfahrung auf diesem Gebiet und waren bereits weltweit im Einsatz.<\/p>\n<p style=\"text-align: left;\">PRO Bird und seine Kooperationspartner sind in der Lage, alle notwendigen Schritte einer professionellen Rehabilitation ver\u00f6lter V\u00f6gel im Rahmen eines komplexen \u00d6lschadenfalles sicherzustellen.<\/p>\n<p style=\"text-align: left;\">Trainingsprogramme, Vortr\u00e4ge und Bereitschaftsdienste runden das Angebot von PRO Bird ab. Der enge Kontakt der einzelnen Partnerorganisationen untereinander, sowie der regelm\u00e4\u00dfige fachliche Austausch sorgen daf\u00fcr, dass die Qualit\u00e4t und Effizienz der Arbeit auf diesem Gebiet einen hohen internationalen Standard garantiert.<\/p>\n<p>.<\/p>\n<p>.<\/p>\n<h2 style=\"text-align: center;\">Welche Auswirkungen hat eine \u00d6lkatastrophe?<\/h2>\n<div style=\"width: 1920px;\" class=\"wp-video\"><video class=\"wp-video-shortcode\" id=\"video-447-1\" width=\"1920\" height=\"1080\" preload=\"metadata\" controls=\"controls\"><source type=\"video\/mp4\" src=\"https:\/\/projectbluesea.de\/probird.de\/wp-content\/uploads\/2023\/10\/sealarm_animation_1_german_sub.mp4?_=1\" \/><a href=\"https:\/\/projectbluesea.de\/probird.de\/wp-content\/uploads\/2023\/10\/sealarm_animation_1_german_sub.mp4\">https:\/\/projectbluesea.de\/probird.de\/wp-content\/uploads\/2023\/10\/sealarm_animation_1_german_sub.mp4<\/a><\/video><\/div>\n<p>.<\/p>\n<p>.<\/p>\n<h2 style=\"text-align: center;\">Was sollten Beh\u00f6rden tun, um sich auf eine \u00d6lkatastrophe vorzubereiten?<\/h2>\n<div style=\"width: 1920px;\" class=\"wp-video\"><video class=\"wp-video-shortcode\" id=\"video-447-2\" width=\"1920\" height=\"1080\" preload=\"auto\" controls=\"controls\"><source type=\"video\/mp4\" src=\"https:\/\/projectbluesea.de\/probird.de\/wp-content\/uploads\/2023\/10\/sealarm_animation_2_german_sub.mp4?_=2\" \/><a href=\"https:\/\/projectbluesea.de\/probird.de\/wp-content\/uploads\/2023\/10\/sealarm_animation_2_german_sub.mp4\">https:\/\/projectbluesea.de\/probird.de\/wp-content\/uploads\/2023\/10\/sealarm_animation_2_german_sub.mp4<\/a><\/video><\/div>\n<p>.<\/p>\n<p>.<\/p>\n<h2 style=\"text-align: center;\">Was ist EUROWA?<\/h2>\n<div style=\"width: 1920px;\" class=\"wp-video\"><video class=\"wp-video-shortcode\" id=\"video-447-3\" width=\"1920\" height=\"1080\" preload=\"metadata\" controls=\"controls\"><source type=\"video\/mp4\" src=\"https:\/\/projectbluesea.de\/probird.de\/wp-content\/uploads\/2023\/10\/sealarm_animation_3_german_sub.mp4?_=3\" \/><a href=\"https:\/\/projectbluesea.de\/probird.de\/wp-content\/uploads\/2023\/10\/sealarm_animation_3_german_sub.mp4\">https:\/\/projectbluesea.de\/probird.de\/wp-content\/uploads\/2023\/10\/sealarm_animation_3_german_sub.mp4<\/a><\/video><\/div>\n<p>.<\/p>\n<p>.<\/p>\n<h2 style=\"text-align: center;\">Wie kann EUROWA von Beh\u00f6rden eingesetzt werden?<\/h2>\n<div style=\"width: 1920px;\" class=\"wp-video\"><video class=\"wp-video-shortcode\" id=\"video-447-4\" width=\"1920\" height=\"1080\" preload=\"metadata\" controls=\"controls\"><source type=\"video\/mp4\" src=\"https:\/\/projectbluesea.de\/probird.de\/wp-content\/uploads\/2023\/10\/sealarm_animation_4_german_sub.mp4?_=4\" \/><a href=\"https:\/\/projectbluesea.de\/probird.de\/wp-content\/uploads\/2023\/10\/sealarm_animation_4_german_sub.mp4\">https:\/\/projectbluesea.de\/probird.de\/wp-content\/uploads\/2023\/10\/sealarm_animation_4_german_sub.mp4<\/a><\/video><\/div>\n","protected":false},"excerpt":{"rendered":"<p>Willkommen auf der Webseite von PRO Bird ! PRO Bird ist eine Koalition deutscher Tier- und Umweltschutzeinrichtungen mit dem Ziel, eine professionelle Rehabilitation ver\u00f6lter V\u00f6gel im In- und Ausland anzubieten und zu garantieren. Die&#46;&#46;&#46;<\/p>\n","protected":false},"author":2,"featured_media":0,"parent":0,"menu_order":0,"comment_status":"closed","ping_status":"closed","template":"","meta":{"footnotes":""},"class_list":["post-447","page","type-page","status-publish","hentry"],"_links":{"self":[{"href":"https:\/\/projectbluesea.de\/probird.de\/wp-json\/wp\/v2\/pages\/447","targetHints":{"allow":["GET"]}}],"collection":[{"href":"https:\/\/projectbluesea.de\/probird.de\/wp-json\/wp\/v2\/pages"}],"about":[{"href":"https:\/\/projectbluesea.de\/probird.de\/wp-json\/wp\/v2\/types\/page"}],"author":[{"embeddable":true,"href":"https:\/\/projectbluesea.de\/probird.de\/wp-json\/wp\/v2\/users\/2"}],"replies":[{"embeddable":true,"href":"https:\/\/projectbluesea.de\/probird.de\/wp-json\/wp\/v2\/comments?post=447"}],"version-history":[{"count":6,"href":"https:\/\/projectbluesea.de\/probird.de\/wp-json\/wp\/v2\/pages\/447\/revisions"}],"predecessor-version":[{"id":569,"href":"https:\/\/projectbluesea.de\/probird.de\/wp-json\/wp\/v2\/pages\/447\/revisions\/569"}],"wp:attachment":[{"href":"https:\/\/projectbluesea.de\/probird.de\/wp-json\/wp\/v2\/media?parent=447"}],"curies":[{"name":"wp","href":"https:\/\/api.w.org\/{rel}","templated":true}]}}