{"id":433,"date":"2023-03-09T12:05:34","date_gmt":"2023-03-09T11:05:34","guid":{"rendered":"http:\/\/projectbluesea.de\/probird.de\/?page_id=433"},"modified":"2023-03-09T12:25:33","modified_gmt":"2023-03-09T11:25:33","slug":"internationale-projekte","status":"publish","type":"page","link":"https:\/\/projectbluesea.de\/probird.de\/internationale-projekte\/","title":{"rendered":"Internationale Projekte"},"content":{"rendered":"<p style=\"text-align: center;\"><strong>EUROWA-Module:<\/strong><\/p>\n<p style=\"text-align: center;\"><img loading=\"lazy\" decoding=\"async\" class=\"alignnone wp-image-51\" src=\"https:\/\/projectbluesea.de\/probird.de\/wp-content\/uploads\/2017\/06\/EUROWA-Logo-Kopie-2-1024x906.jpg\" alt=\"\" width=\"257\" height=\"227\" \/><\/p>\n<p style=\"text-align: center;\">Das <strong>EUROWA-Module<\/strong> ist ein von der Europ\u00e4ischen Union co-finanziertes Projekt zur Erweiterung der verf\u00fcgbaren Kapazit\u00e4ten f\u00fcr die Rehabilitation ver\u00f6lter V\u00f6gel in Europa. Die Projektphase fand in den Jahren 2015-2016 statt. Weitere Projekte der gesamten Arbeitsgruppe sind derzeit in Planung.<\/p>\n<p style=\"text-align: center;\"><img loading=\"lazy\" decoding=\"async\" class=\"alignnone size-medium wp-image-47\" src=\"https:\/\/projectbluesea.de\/probird.de\/wp-content\/uploads\/2017\/06\/15665797_1655347061157817_1168381582383505401_n-300x200.jpg\" sizes=\"auto, (max-width: 300px) 100vw, 300px\" srcset=\"https:\/\/projectbluesea.de\/probird.de\/wp-content\/uploads\/2017\/06\/15665797_1655347061157817_1168381582383505401_n-300x200.jpg 300w, https:\/\/projectbluesea.de\/probird.de\/wp-content\/uploads\/2017\/06\/15665797_1655347061157817_1168381582383505401_n.jpg 640w\" alt=\"\" width=\"300\" height=\"200\" \/><\/p>\n<p style=\"text-align: center;\">Durchf\u00fchrung einer Feld\u00fcbung im Rahmen eines EUROWA-Trainingskurses<\/p>\n<p style=\"text-align: center;\"><img loading=\"lazy\" decoding=\"async\" class=\"alignnone size-medium wp-image-48\" src=\"https:\/\/projectbluesea.de\/probird.de\/wp-content\/uploads\/2017\/06\/DSC_0098-Kopie-300x199.jpg\" sizes=\"auto, (max-width: 300px) 100vw, 300px\" srcset=\"https:\/\/projectbluesea.de\/probird.de\/wp-content\/uploads\/2017\/06\/DSC_0098-Kopie-300x199.jpg 300w, https:\/\/projectbluesea.de\/probird.de\/wp-content\/uploads\/2017\/06\/DSC_0098-Kopie-768x511.jpg 768w, https:\/\/projectbluesea.de\/probird.de\/wp-content\/uploads\/2017\/06\/DSC_0098-Kopie-1024x681.jpg 1024w\" alt=\"\" width=\"300\" height=\"199\" \/><\/p>\n<p style=\"text-align: center;\">Veterin\u00e4rmedizinischer Lehrgang<\/p>\n<p style=\"text-align: center;\"><img loading=\"lazy\" decoding=\"async\" class=\"alignnone wp-image-152\" src=\"https:\/\/projectbluesea.de\/probird.de\/wp-content\/uploads\/2017\/06\/DSC_0125-Kopie.jpg\" sizes=\"auto, (max-width: 299px) 100vw, 299px\" srcset=\"https:\/\/projectbluesea.de\/probird.de\/wp-content\/uploads\/2017\/06\/DSC_0125-Kopie.jpg 827w, https:\/\/projectbluesea.de\/probird.de\/wp-content\/uploads\/2017\/06\/DSC_0125-Kopie-300x200.jpg 300w, https:\/\/projectbluesea.de\/probird.de\/wp-content\/uploads\/2017\/06\/DSC_0125-Kopie-768x511.jpg 768w\" alt=\"\" width=\"299\" height=\"199\" \/><\/p>\n<p style=\"text-align: center;\">Management-Lehrgang<\/p>\n<p style=\"text-align: center;\"><img loading=\"lazy\" decoding=\"async\" class=\"alignnone wp-image-151\" src=\"https:\/\/projectbluesea.de\/probird.de\/wp-content\/uploads\/2017\/06\/DSC_0103-Kopie-2.jpg\" sizes=\"auto, (max-width: 297px) 100vw, 297px\" srcset=\"https:\/\/projectbluesea.de\/probird.de\/wp-content\/uploads\/2017\/06\/DSC_0103-Kopie-2.jpg 827w, https:\/\/projectbluesea.de\/probird.de\/wp-content\/uploads\/2017\/06\/DSC_0103-Kopie-2-300x200.jpg 300w, https:\/\/projectbluesea.de\/probird.de\/wp-content\/uploads\/2017\/06\/DSC_0103-Kopie-2-768x511.jpg 768w\" alt=\"\" width=\"297\" height=\"198\" \/><\/p>\n<p style=\"text-align: center;\">Ausbildungskurs zum fortgeschrittenen Helfer<\/p>\n<p style=\"text-align: center;\"><img loading=\"lazy\" decoding=\"async\" class=\"alignnone size-large wp-image-50\" src=\"https:\/\/projectbluesea.de\/probird.de\/wp-content\/uploads\/2017\/06\/eurowa-output-1024x230.jpg\" sizes=\"auto, (max-width: 1024px) 100vw, 1024px\" srcset=\"https:\/\/projectbluesea.de\/probird.de\/wp-content\/uploads\/2017\/06\/eurowa-output-1024x230.jpg 1024w, https:\/\/projectbluesea.de\/probird.de\/wp-content\/uploads\/2017\/06\/eurowa-output-300x67.jpg 300w, https:\/\/projectbluesea.de\/probird.de\/wp-content\/uploads\/2017\/06\/eurowa-output-768x173.jpg 768w, https:\/\/projectbluesea.de\/probird.de\/wp-content\/uploads\/2017\/06\/eurowa-output.jpg 1432w\" alt=\"\" width=\"1024\" height=\"230\" \/><\/p>\n<p style=\"text-align: center;\">Weitere Informationen \u00fcber das European Oiled Wildlife Response Assistance Module sind unter <a href=\"http:\/\/www.oiledwildlife.eu\">www.oiledwildlife.eu<\/a> zu finden.<\/p>\n<p style=\"text-align: center;\">\n<p style=\"text-align: center;\">\n<p style=\"text-align: center;\"><strong>GLOBAL OILED WILDLIFE RESPONSE SYSTEM (GOWRS)<\/strong><\/p>\n<p style=\"text-align: center;\"><img loading=\"lazy\" decoding=\"async\" class=\"alignnone wp-image-137\" src=\"https:\/\/projectbluesea.de\/probird.de\/wp-content\/uploads\/2017\/06\/gowrs_badge.jpg\" sizes=\"auto, (max-width: 374px) 100vw, 374px\" srcset=\"https:\/\/projectbluesea.de\/probird.de\/wp-content\/uploads\/2017\/06\/gowrs_badge.jpg 587w, https:\/\/projectbluesea.de\/probird.de\/wp-content\/uploads\/2017\/06\/gowrs_badge-212x300.jpg 212w\" alt=\"\" width=\"374\" height=\"530\" \/><\/p>\n<p style=\"text-align: center;\">Das <strong>GLOBAL OILED WILDLIFE RESPONSE SYSTEM (GOWRS)<\/strong> ist ein von der Industrie gef\u00f6rdertes Projekt, welches im Jahr 2015 ins Leben gerufen wurde. Fachleute von derzeit 10 verschiedenen Organisationen weltweit haben in der zweij\u00e4hrigen Startphase von 2015-2016 eine gemeinsam g\u00fcltige Standardvorgehensweise f\u00fcr den Einsatzfall sowie Behandlungsschemata f\u00fcr betroffene Tiere erarbeitet. 2017 startete die Beta-Phase des Projektes, die bis Ende 2018 weitere Bereiche einer optimierten \u00d6lvogelrehabilitation analysiert und aufarbeitet. Hierzu z\u00e4hlen beispielsweise Trainingskurse, \u00dcbungen und Equipmentfragen.<\/p>\n<p style=\"text-align: center;\"><img loading=\"lazy\" decoding=\"async\" class=\"alignnone wp-image-138\" src=\"https:\/\/projectbluesea.de\/probird.de\/wp-content\/uploads\/2017\/06\/GOWRS-Meeting-Brasil.jpg\" sizes=\"auto, (max-width: 575px) 100vw, 575px\" srcset=\"https:\/\/projectbluesea.de\/probird.de\/wp-content\/uploads\/2017\/06\/GOWRS-Meeting-Brasil.jpg 945w, https:\/\/projectbluesea.de\/probird.de\/wp-content\/uploads\/2017\/06\/GOWRS-Meeting-Brasil-300x139.jpg 300w, https:\/\/projectbluesea.de\/probird.de\/wp-content\/uploads\/2017\/06\/GOWRS-Meeting-Brasil-768x355.jpg 768w\" alt=\"\" width=\"575\" height=\"266\" \/>\u00a0GOWRS-Meeting in Santos \/ Brasilien 2016<\/p>\n","protected":false},"excerpt":{"rendered":"<p>EUROWA-Module: Das EUROWA-Module ist ein von der Europ\u00e4ischen Union co-finanziertes Projekt zur Erweiterung der verf\u00fcgbaren Kapazit\u00e4ten f\u00fcr die Rehabilitation ver\u00f6lter V\u00f6gel in Europa. Die Projektphase fand in den Jahren 2015-2016 statt. Weitere Projekte der&#46;&#46;&#46;<\/p>\n","protected":false},"author":2,"featured_media":0,"parent":0,"menu_order":0,"comment_status":"closed","ping_status":"closed","template":"","meta":{"footnotes":""},"class_list":["post-433","page","type-page","status-publish","hentry"],"_links":{"self":[{"href":"https:\/\/projectbluesea.de\/probird.de\/wp-json\/wp\/v2\/pages\/433","targetHints":{"allow":["GET"]}}],"collection":[{"href":"https:\/\/projectbluesea.de\/probird.de\/wp-json\/wp\/v2\/pages"}],"about":[{"href":"https:\/\/projectbluesea.de\/probird.de\/wp-json\/wp\/v2\/types\/page"}],"author":[{"embeddable":true,"href":"https:\/\/projectbluesea.de\/probird.de\/wp-json\/wp\/v2\/users\/2"}],"replies":[{"embeddable":true,"href":"https:\/\/projectbluesea.de\/probird.de\/wp-json\/wp\/v2\/comments?post=433"}],"version-history":[{"count":2,"href":"https:\/\/projectbluesea.de\/probird.de\/wp-json\/wp\/v2\/pages\/433\/revisions"}],"predecessor-version":[{"id":456,"href":"https:\/\/projectbluesea.de\/probird.de\/wp-json\/wp\/v2\/pages\/433\/revisions\/456"}],"wp:attachment":[{"href":"https:\/\/projectbluesea.de\/probird.de\/wp-json\/wp\/v2\/media?parent=433"}],"curies":[{"name":"wp","href":"https:\/\/api.w.org\/{rel}","templated":true}]}}